{"id":8048,"date":"2026-01-27T21:44:45","date_gmt":"2026-01-28T02:44:45","guid":{"rendered":"https:\/\/www.coiffureunity.com\/?page_id=8048"},"modified":"2026-01-27T22:02:02","modified_gmt":"2026-01-28T03:02:02","slug":"alessia-taloni","status":"publish","type":"page","link":"https:\/\/www.coiffureunity.com\/fr\/alessia-taloni\/","title":{"rendered":"Alessia Taloni"},"content":{"rendered":"\t\t<div data-elementor-type=\"wp-page\" data-elementor-id=\"8048\" class=\"elementor elementor-8048 elementor-8040\">\n\t\t\t\t\t\t<section class=\"elementor-section elementor-top-section elementor-element elementor-element-bc8f459 mkdf-elementor-row-grid-section elementor-section-boxed elementor-section-height-default elementor-section-height-default mkdf-parallax-row-no mkdf-content-aligment-left mkdf-disabled-bg-image-bellow-no\" data-id=\"bc8f459\" data-element_type=\"section\" data-settings=\"{&quot;background_background&quot;:&quot;classic&quot;}\">\n\t\t\t\t\t\t<div class=\"elementor-container elementor-column-gap-default\">\n\t\t\t\t\t<div class=\"elementor-column elementor-col-50 elementor-top-column elementor-element elementor-element-7377d61 elementor-hidden-tablet elementor-hidden-phone\" data-id=\"7377d61\" data-element_type=\"column\">\n\t\t\t<div class=\"elementor-widget-wrap elementor-element-populated\">\n\t\t\t\t\t\t<div class=\"elementor-element elementor-element-87a2709 elementor-widget elementor-widget-mkdf_single_image\" data-id=\"87a2709\" data-element_type=\"widget\" data-widget_type=\"mkdf_single_image.default\">\n\t\t\t\t<div class=\"elementor-widget-container\">\n\t\t\t\t\t<div class=\"mkdf-single-image-holder   \">\n    <div class=\"mkdf-si-inner\" >\n                                            <img fetchpriority=\"high\" decoding=\"async\" width=\"566\" height=\"720\" src=\"https:\/\/www.coiffureunity.com\/wp-content\/uploads\/2026\/01\/alessia-unity-action.jpg\" class=\"attachment-full size-full\" alt=\"\" srcset=\"https:\/\/www.coiffureunity.com\/wp-content\/uploads\/2026\/01\/alessia-unity-action.jpg 566w, https:\/\/www.coiffureunity.com\/wp-content\/uploads\/2026\/01\/alessia-unity-action-236x300.jpg 236w\" sizes=\"(max-width: 566px) 100vw, 566px\" \/>                                    <\/div>\n<\/div>\t\t\t\t<\/div>\n\t\t\t\t<\/div>\n\t\t\t\t<div class=\"elementor-element elementor-element-6981333 elementor-widget elementor-widget-mkdf_button\" data-id=\"6981333\" data-element_type=\"widget\" data-widget_type=\"mkdf_button.default\">\n\t\t\t\t<div class=\"elementor-widget-container\">\n\t\t\t\t\t<a itemprop=\"url\" href=\"https:\/\/book.squareup.com\/appointments\/x6cvotrxuv1jms\/location\/LX01WK9T6FHZ9\/services\" target=\"_blank\" style=\"color: #FFFFFF;background-color: #C59D5F\" class=\"mkdf-btn mkdf-btn-huge mkdf-btn-solid mkdf-btn-custom-hover-bg mkdf-btn-custom-border-hover mkdf-btn-custom-hover-color\" data-hover-color=\"#FFFFFF\" data-hover-bg-color=\"#CAA366\" data-hover-border-color=\"#C59D5F\" 0=\"color: #FFFFFF\" 1=\"background-color: #C59D5F\">\n    <span class=\"mkdf-btn-text\">Book Now<\/span>\n    <i class=\"mkdf-icon-font-awesome fa  \" ><\/i><\/a>\t\t\t\t<\/div>\n\t\t\t\t<\/div>\n\t\t\t\t<div class=\"elementor-element elementor-element-34fd51b elementor-shape-circle elementor-grid-0 e-grid-align-center elementor-widget elementor-widget-social-icons\" data-id=\"34fd51b\" data-element_type=\"widget\" data-widget_type=\"social-icons.default\">\n\t\t\t\t<div class=\"elementor-widget-container\">\n\t\t\t\t\t\t\t<div class=\"elementor-social-icons-wrapper elementor-grid\">\n\t\t\t\t\t\t\t<span class=\"elementor-grid-item\">\n\t\t\t\t\t<a class=\"elementor-icon elementor-social-icon elementor-social-icon-instagram elementor-repeater-item-9fa0f02\" href=\"https:\/\/www.instagram.com\/blowoutqueenn\/\" target=\"_blank\">\n\t\t\t\t\t\t<span class=\"elementor-screen-only\">Instagram<\/span>\n\t\t\t\t\t\t<svg class=\"e-font-icon-svg e-fab-instagram\" viewBox=\"0 0 448 512\" xmlns=\"http:\/\/www.w3.org\/2000\/svg\"><path d=\"M224.1 141c-63.6 0-114.9 51.3-114.9 114.9s51.3 114.9 114.9 114.9S339 319.5 339 255.9 287.7 141 224.1 141zm0 189.6c-41.1 0-74.7-33.5-74.7-74.7s33.5-74.7 74.7-74.7 74.7 33.5 74.7 74.7-33.6 74.7-74.7 74.7zm146.4-194.3c0 14.9-12 26.8-26.8 26.8-14.9 0-26.8-12-26.8-26.8s12-26.8 26.8-26.8 26.8 12 26.8 26.8zm76.1 27.2c-1.7-35.9-9.9-67.7-36.2-93.9-26.2-26.2-58-34.4-93.9-36.2-37-2.1-147.9-2.1-184.9 0-35.8 1.7-67.6 9.9-93.9 36.1s-34.4 58-36.2 93.9c-2.1 37-2.1 147.9 0 184.9 1.7 35.9 9.9 67.7 36.2 93.9s58 34.4 93.9 36.2c37 2.1 147.9 2.1 184.9 0 35.9-1.7 67.7-9.9 93.9-36.2 26.2-26.2 34.4-58 36.2-93.9 2.1-37 2.1-147.8 0-184.8zM398.8 388c-7.8 19.6-22.9 34.7-42.6 42.6-29.5 11.7-99.5 9-132.1 9s-102.7 2.6-132.1-9c-19.6-7.8-34.7-22.9-42.6-42.6-11.7-29.5-9-99.5-9-132.1s-2.6-102.7 9-132.1c7.8-19.6 22.9-34.7 42.6-42.6 29.5-11.7 99.5-9 132.1-9s102.7-2.6 132.1 9c19.6 7.8 34.7 22.9 42.6 42.6 11.7 29.5 9 99.5 9 132.1s2.7 102.7-9 132.1z\"><\/path><\/svg>\t\t\t\t\t<\/a>\n\t\t\t\t<\/span>\n\t\t\t\t\t<\/div>\n\t\t\t\t\t\t<\/div>\n\t\t\t\t<\/div>\n\t\t\t\t\t<\/div>\n\t\t<\/div>\n\t\t\t\t<div class=\"elementor-column elementor-col-50 elementor-top-column elementor-element elementor-element-a972e3e\" data-id=\"a972e3e\" data-element_type=\"column\">\n\t\t\t<div class=\"elementor-widget-wrap elementor-element-populated\">\n\t\t\t\t\t\t<div class=\"elementor-element elementor-element-9b44860 elementor-widget elementor-widget-mkdf_info_section\" data-id=\"9b44860\" data-element_type=\"widget\" data-widget_type=\"mkdf_info_section.default\">\n\t\t\t\t<div class=\"elementor-widget-container\">\n\t\t\t\t\t<div class=\"mkdf-info-section  mkdf-dark mkdf-center\">\n\n            <var class=\"mkdf-is-background-text\" style=\"font-size:225px\" id=\"mkdf-is-background-text-472\" >\n        Taloni        <\/var>\n    \n    <div class=\"mkdf-is-inner\" style=\"padding-top:112.5px;width:80%\">\n\n        \n                    <h3 class=\"mkdf-is-title\">\n            Alessia            <\/h3>\n        \n                    <p class=\"mkdf-is-text\">\n            Je suis Alessia Taloni, la force cr\u00e9ative derri\u00e8re Blowout Queen \u2014 une exp\u00e9rience capillaire signature reconnue pour des cheveux doux, brillants et parfaitement coiff\u00e9s, sans jamais en faire trop. Je me sp\u00e9cialise dans les blowouts de luxe, les coupes de pr\u00e9cision et le styling moderne, avec un r\u00e9sultat toujours \u00e9l\u00e9gant, soign\u00e9 et facile \u00e0 porter au quotidien.            <\/p>\n        \n        \n    <\/div>\n<\/div>\t\t\t\t<\/div>\n\t\t\t\t<\/div>\n\t\t\t\t<div class=\"elementor-element elementor-element-8683cf6 elementor-widget elementor-widget-mkdf_info_section\" data-id=\"8683cf6\" data-element_type=\"widget\" data-widget_type=\"mkdf_info_section.default\">\n\t\t\t\t<div class=\"elementor-widget-container\">\n\t\t\t\t\t<div class=\"mkdf-info-section  mkdf-dark mkdf-center\">\n\n    \n    <div class=\"mkdf-is-inner\" style=\"width:80%\">\n\n        \n        \n                    <p class=\"mkdf-is-text\">\n            Mon approche est ax\u00e9e sur la sant\u00e9 des cheveux, le mouvement et une beaut\u00e9 intemporelle. J\u2019aime m\u00e9langer l\u2019\u00e9l\u00e9gance europ\u00e9enne aux tendances actuelles pour cr\u00e9er des looks sur mesure qui mettent en valeur tes traits naturels et ton style de vie. Que tu veuilles un blowout lisse et volumineux, de belles ondulations ou une coupe parfaitement adapt\u00e9e, chaque service est pens\u00e9 pour \u00eatre \u00e0 la fois luxueux et sans effort.            <\/p>\n        \n        \n    <\/div>\n<\/div>\t\t\t\t<\/div>\n\t\t\t\t<\/div>\n\t\t\t\t<div class=\"elementor-element elementor-element-61b5def elementor-widget elementor-widget-mkdf_info_section\" data-id=\"61b5def\" data-element_type=\"widget\" data-widget_type=\"mkdf_info_section.default\">\n\t\t\t\t<div class=\"elementor-widget-container\">\n\t\t\t\t\t<div class=\"mkdf-info-section  mkdf-dark mkdf-center\">\n\n    \n    <div class=\"mkdf-is-inner\" style=\"width:80%\">\n\n        \n        \n                    <p class=\"mkdf-is-text\">\n            Pour moi, de beaux cheveux, ce n\u2019est pas seulement une question d\u2019apparence \u2014 c\u2019est surtout une question de comment tu te sens. Mon objectif est que chaque cliente reparte confiante, mise en valeur et bien dans sa peau.            <\/p>\n        \n        \n    <\/div>\n<\/div>\t\t\t\t<\/div>\n\t\t\t\t<\/div>\n\t\t\t\t<div class=\"elementor-element elementor-element-2c1e779 elementor-widget elementor-widget-mkdf_info_section\" data-id=\"2c1e779\" data-element_type=\"widget\" data-widget_type=\"mkdf_info_section.default\">\n\t\t\t\t<div class=\"elementor-widget-container\">\n\t\t\t\t\t<div class=\"mkdf-info-section  mkdf-dark mkdf-center\">\n\n    \n    <div class=\"mkdf-is-inner\" style=\"width:80%\">\n\n        \n        \n                    <p class=\"mkdf-is-text\">\n            Bienvenue dans l\u2019exp\u00e9rience Blowout Queen \u2014 l\u00e0 o\u00f9 les cheveux de tous les jours deviennent un luxe \u2728            <\/p>\n        \n        \n    <\/div>\n<\/div>\t\t\t\t<\/div>\n\t\t\t\t<\/div>\n\t\t\t\t\t<\/div>\n\t\t<\/div>\n\t\t\t\t\t<\/div>\n\t\t<\/section>\n\t\t\t\t<section class=\"elementor-section elementor-top-section elementor-element elementor-element-7750c28 elementor-section-full_width elementor-section-height-default elementor-section-height-default mkdf-parallax-row-no mkdf-content-aligment-left mkdf-elementor-row-grid-no mkdf-disabled-bg-image-bellow-no\" data-id=\"7750c28\" data-element_type=\"section\" data-settings=\"{&quot;background_background&quot;:&quot;classic&quot;}\">\n\t\t\t\t\t\t<div class=\"elementor-container elementor-column-gap-default\">\n\t\t\t\t\t<div class=\"elementor-column elementor-col-50 elementor-top-column elementor-element elementor-element-8bc9195\" data-id=\"8bc9195\" data-element_type=\"column\">\n\t\t\t<div class=\"elementor-widget-wrap elementor-element-populated\">\n\t\t\t\t\t\t<div class=\"elementor-element elementor-element-84eac4f elementor-widget elementor-widget-mkdf_section_title\" data-id=\"84eac4f\" data-element_type=\"widget\" data-widget_type=\"mkdf_section_title.default\">\n\t\t\t\t<div class=\"elementor-widget-container\">\n\t\t\t\t\t<div class=\"mkdf-section-title-holder  mkdf-dark mkdf-st-standard   \" style=\"text-align: right\">\n    <div class=\"mkdf-st-inner\">\n\n                    <var class=\"mkdf-st-background-text\" style=\"font-size:225px;left: 160px;top: 87px\" id=\"mkdf-st-background-text-8\" >\n            Style            <\/var>\n        \n                    <h2 class=\"mkdf-st-title\">\n            Coupes<br \/> &amp; Brushing            <\/h2>\n        \n        \n    <\/div>\n<\/div>\t\t\t\t<\/div>\n\t\t\t\t<\/div>\n\t\t\t\t\t<\/div>\n\t\t<\/div>\n\t\t\t\t<div class=\"elementor-column elementor-col-50 elementor-top-column elementor-element elementor-element-876e8f1\" data-id=\"876e8f1\" data-element_type=\"column\">\n\t\t\t<div class=\"elementor-widget-wrap elementor-element-populated\">\n\t\t\t\t\t\t<div class=\"elementor-element elementor-element-a14caf4 elementor-widget elementor-widget-mkdf_services_list\" data-id=\"a14caf4\" data-element_type=\"widget\" data-widget_type=\"mkdf_services_list.default\">\n\t\t\t\t<div class=\"elementor-widget-container\">\n\t\t\t\t\t<div class=\"mkdf-bsl-holder  mkdf-bsl-dark\"><ul class=\"mkdf-bsl\"><li class=\"mkdf-bsl-item clearfix\">\n        <div class=\"mkdf-bsl-item-content\">\n        <div class=\"mkdf-bsl-item-top-holder\">\n            <div class=\"mkdf-bsl-item-title-holder\">\n                <h4 class=\"mkdf-bsl-item-title\">\n                    Coupe signature &amp; brushing                <\/h4>\n            <\/div>\n            <div class=\"mkdf-bsl-item-line\"><\/div>\n\n                            <div class=\"mkdf-bsl-item-price-holder\">\n                    <span class=\"mkdf-bsl-price\">$115.00 +<\/span>\n                <\/div>\n                    <\/div>\n        <div class=\"mkdf-bsl-item-bottom-holder clearfix\">\n                            <div class=\"mkdf-bsl-item-description-holder\">\n                    Une coupe personnalis\u00e9e con\u00e7ue pour mettre en valeur la forme de votre visage et votre texture naturelle, finalis\u00e9e avec mon brushing signature pour un r\u00e9sultat lisse, volumineux et longue dur\u00e9e. Ce service laisse vos cheveux soign\u00e9s, naturels et faciles \u00e0 porter au quotidien.                <\/div>\n            \n                    <\/div>\n    <\/div>\n<\/li><li class=\"mkdf-bsl-item clearfix\">\n        <div class=\"mkdf-bsl-item-content\">\n        <div class=\"mkdf-bsl-item-top-holder\">\n            <div class=\"mkdf-bsl-item-title-holder\">\n                <h4 class=\"mkdf-bsl-item-title\">\n                    Brushing signature                <\/h4>\n            <\/div>\n            <div class=\"mkdf-bsl-item-line\"><\/div>\n\n                            <div class=\"mkdf-bsl-item-price-holder\">\n                    <span class=\"mkdf-bsl-price\">$65.00 +<\/span>\n                <\/div>\n                    <\/div>\n        <div class=\"mkdf-bsl-item-bottom-holder clearfix\">\n                            <div class=\"mkdf-bsl-item-description-holder\">\n                    Des brushings intemporels et soyeux, cr\u00e9\u00e9s pour sublimer votre beaut\u00e9 naturelle avec une finition lisse et luxueuse.                <\/div>\n            \n                    <\/div>\n    <\/div>\n<\/li><li class=\"mkdf-bsl-item clearfix\">\n        <div class=\"mkdf-bsl-item-content\">\n        <div class=\"mkdf-bsl-item-top-holder\">\n            <div class=\"mkdf-bsl-item-title-holder\">\n                <h4 class=\"mkdf-bsl-item-title\">\n                    Boucles \/ Ondulations signature                <\/h4>\n            <\/div>\n            <div class=\"mkdf-bsl-item-line\"><\/div>\n\n                            <div class=\"mkdf-bsl-item-price-holder\">\n                    <span class=\"mkdf-bsl-price\">$60.00 +<\/span>\n                <\/div>\n                    <\/div>\n        <div class=\"mkdf-bsl-item-bottom-holder clearfix\">\n                            <div class=\"mkdf-bsl-item-description-holder\">\n                    Mes boucles signature : d\u00e9finies, souples et parfaitement structur\u00e9es pour un fini luxueux et durable.                <\/div>\n            \n                    <\/div>\n    <\/div>\n<\/li><li class=\"mkdf-bsl-item clearfix\">\n        <div class=\"mkdf-bsl-item-content\">\n        <div class=\"mkdf-bsl-item-top-holder\">\n            <div class=\"mkdf-bsl-item-title-holder\">\n                <h4 class=\"mkdf-bsl-item-title\">\n                    Brushing cheveux tr\u00e8s longs \/ \u00e9pais                <\/h4>\n            <\/div>\n            <div class=\"mkdf-bsl-item-line\"><\/div>\n\n                            <div class=\"mkdf-bsl-item-price-holder\">\n                    <span class=\"mkdf-bsl-price\">$85.00 +<\/span>\n                <\/div>\n                    <\/div>\n        <div class=\"mkdf-bsl-item-bottom-holder clearfix\">\n                            <div class=\"mkdf-bsl-item-description-holder\">\n                    L\u2019exp\u00e9rience Blowout Queen pour cheveux longs et \u00e9pais \u2014 un coiffage expert offrant un maximum de volume, de douceur et une finition impeccable.                <\/div>\n            \n                    <\/div>\n    <\/div>\n<\/li><li class=\"mkdf-bsl-item clearfix\">\n        <div class=\"mkdf-bsl-item-content\">\n        <div class=\"mkdf-bsl-item-top-holder\">\n            <div class=\"mkdf-bsl-item-title-holder\">\n                <h4 class=\"mkdf-bsl-item-title\">\n                    Mini Queen cuts (moins de 6 ans)                <\/h4>\n            <\/div>\n            <div class=\"mkdf-bsl-item-line\"><\/div>\n\n                            <div class=\"mkdf-bsl-item-price-holder\">\n                    <span class=\"mkdf-bsl-price\">$55.00 +<\/span>\n                <\/div>\n                    <\/div>\n        <div class=\"mkdf-bsl-item-bottom-holder clearfix\">\n                            <div class=\"mkdf-bsl-item-description-holder\">\n                    Des coupes Mini Queen sp\u00e9cialement adapt\u00e9es aux tout-petits : des coupes douces, styl\u00e9es, r\u00e9alis\u00e9es avec soin et patience.                <\/div>\n            \n                    <\/div>\n    <\/div>\n<\/li><li class=\"mkdf-bsl-item clearfix\">\n        <div class=\"mkdf-bsl-item-content\">\n        <div class=\"mkdf-bsl-item-top-holder\">\n            <div class=\"mkdf-bsl-item-title-holder\">\n                <h4 class=\"mkdf-bsl-item-title\">\n                    Young Queen cuts (6 ans et plus)                <\/h4>\n            <\/div>\n            <div class=\"mkdf-bsl-item-line\"><\/div>\n\n                            <div class=\"mkdf-bsl-item-price-holder\">\n                    <span class=\"mkdf-bsl-price\">$100.00 +<\/span>\n                <\/div>\n                    <\/div>\n        <div class=\"mkdf-bsl-item-bottom-holder clearfix\">\n                            <div class=\"mkdf-bsl-item-description-holder\">\n                    Une coupe de pr\u00e9cision pour les jeunes reines polies, fra\u00eeches et faciles \u00e0 entretenir                <\/div>\n            \n                    <\/div>\n    <\/div>\n<\/li><\/ul><\/div>\t\t\t\t<\/div>\n\t\t\t\t<\/div>\n\t\t\t\t\t<\/div>\n\t\t<\/div>\n\t\t\t\t\t<\/div>\n\t\t<\/section>\n\t\t\t\t<div class=\"elementor-section elementor-top-section elementor-element elementor-element-5398e07 elementor-section-full_width elementor-section-height-default elementor-section-height-default mkdf-parallax-row-no mkdf-content-aligment-left mkdf-elementor-row-grid-no mkdf-disabled-bg-image-bellow-no\" data-id=\"5398e07\" data-element_type=\"section\" data-settings=\"{&quot;background_background&quot;:&quot;classic&quot;}\">\n\t\t\t\t\t\t<div class=\"elementor-container elementor-column-gap-default\">\n\t\t\t\t\t<div class=\"elementor-column elementor-col-100 elementor-top-column elementor-element elementor-element-7313b7d\" data-id=\"7313b7d\" data-element_type=\"column\">\n\t\t\t<div class=\"elementor-widget-wrap elementor-element-populated\">\n\t\t\t\t\t\t<div class=\"elementor-element elementor-element-f2882fa elementor-widget elementor-widget-mkdf_button\" data-id=\"f2882fa\" data-element_type=\"widget\" data-widget_type=\"mkdf_button.default\">\n\t\t\t\t<div class=\"elementor-widget-container\">\n\t\t\t\t\t<a itemprop=\"url\" href=\"https:\/\/book.squareup.com\/appointments\/x6cvotrxuv1jms\/location\/LX01WK9T6FHZ9\/services\" target=\"_blank\" style=\"color: #FFFFFF;background-color: #C59D5F\" class=\"mkdf-btn mkdf-btn-huge mkdf-btn-solid mkdf-btn-custom-hover-bg mkdf-btn-custom-border-hover mkdf-btn-custom-hover-color mkdf-btn-icon\" data-hover-color=\"#FFFFFF\" data-hover-bg-color=\"#CAA366\" data-hover-border-color=\"#C59D5F\" 0=\"color: #FFFFFF\" 1=\"background-color: #C59D5F\">\n    <span class=\"mkdf-btn-text\">Book Now<\/span>\n    <i class=\"mkdf-icon-font-awesome fa fa-calendar \" ><\/i><\/a>\t\t\t\t<\/div>\n\t\t\t\t<\/div>\n\t\t\t\t\t<\/div>\n\t\t<\/div>\n\t\t\t\t\t<\/div>\n\t\t<\/div>\n\t\t\t\t<\/div>\n\t\t","protected":false},"excerpt":{"rendered":"<p>Book Now Instagram Taloni Alessia Je suis Alessia Taloni, la force cr\u00e9ative derri\u00e8re Blowout Queen \u2014 une exp\u00e9rience capillaire signature reconnue pour des cheveux doux, brillants et parfaitement coiff\u00e9s, sans jamais en faire trop. Je me sp\u00e9cialise dans les blowouts [&hellip;]<\/p>\n","protected":false},"author":2,"featured_media":0,"parent":0,"menu_order":0,"comment_status":"closed","ping_status":"closed","template":"full-width.php","meta":{"footnotes":""},"class_list":["post-8048","page","type-page","status-publish","hentry"],"aioseo_notices":[],"jetpack_sharing_enabled":true,"_links":{"self":[{"href":"https:\/\/www.coiffureunity.com\/fr\/wp-json\/wp\/v2\/pages\/8048","targetHints":{"allow":["GET"]}}],"collection":[{"href":"https:\/\/www.coiffureunity.com\/fr\/wp-json\/wp\/v2\/pages"}],"about":[{"href":"https:\/\/www.coiffureunity.com\/fr\/wp-json\/wp\/v2\/types\/page"}],"author":[{"embeddable":true,"href":"https:\/\/www.coiffureunity.com\/fr\/wp-json\/wp\/v2\/users\/2"}],"replies":[{"embeddable":true,"href":"https:\/\/www.coiffureunity.com\/fr\/wp-json\/wp\/v2\/comments?post=8048"}],"version-history":[{"count":23,"href":"https:\/\/www.coiffureunity.com\/fr\/wp-json\/wp\/v2\/pages\/8048\/revisions"}],"predecessor-version":[{"id":8128,"href":"https:\/\/www.coiffureunity.com\/fr\/wp-json\/wp\/v2\/pages\/8048\/revisions\/8128"}],"wp:attachment":[{"href":"https:\/\/www.coiffureunity.com\/fr\/wp-json\/wp\/v2\/media?parent=8048"}],"curies":[{"name":"wp","href":"https:\/\/api.w.org\/{rel}","templated":true}]}}