{"id":7740,"date":"2025-11-23T22:38:50","date_gmt":"2025-11-24T03:38:50","guid":{"rendered":"https:\/\/www.coiffureunity.com\/?page_id=7740"},"modified":"2025-11-23T22:43:15","modified_gmt":"2025-11-24T03:43:15","slug":"politique-de-confidentialite","status":"publish","type":"page","link":"https:\/\/www.coiffureunity.com\/fr\/politique-de-confidentialite\/","title":{"rendered":"Politique de confidentialit\u00e9"},"content":{"rendered":"\t\t<div data-elementor-type=\"wp-page\" data-elementor-id=\"7740\" class=\"elementor elementor-7740\">\n\t\t\t\t\t\t<section class=\"elementor-section elementor-top-section elementor-element elementor-element-6d93e8fd elementor-section-boxed elementor-section-height-default elementor-section-height-default mkdf-parallax-row-no mkdf-content-aligment-left mkdf-elementor-row-grid-no mkdf-disabled-bg-image-bellow-no\" data-id=\"6d93e8fd\" data-element_type=\"section\">\n\t\t\t\t\t\t<div class=\"elementor-container elementor-column-gap-default\">\n\t\t\t\t\t<div class=\"elementor-column elementor-col-100 elementor-top-column elementor-element elementor-element-560e81ae\" data-id=\"560e81ae\" data-element_type=\"column\">\n\t\t\t<div class=\"elementor-widget-wrap elementor-element-populated\">\n\t\t\t\t\t\t<div class=\"elementor-element elementor-element-be5564b elementor-widget elementor-widget-text-editor\" data-id=\"be5564b\" data-element_type=\"widget\" data-widget_type=\"text-editor.default\">\n\t\t\t\t<div class=\"elementor-widget-container\">\n\t\t\t\t\t\t\t\t\t<p>Politique de confidentialit\u00e9 \u2014 Coiffure Unity<\/p><p><br><\/p><p>Derni\u00e8re mise \u00e0 jour : Dimanche 23 novembre 2025<\/p><p><br><\/p><p>Coiffure Unity (\u00ab nous \u00bb, \u00ab notre \u00bb, \u00ab nos \u00bb) exploite ce site web et offre des services de coiffure \u00e0 Montr\u00e9al, au Qu\u00e9bec. Nous nous engageons \u00e0 prot\u00e9ger vos renseignements personnels et \u00e0 respecter votre vie priv\u00e9e conform\u00e9ment \u00e0 la Loi 25 du Qu\u00e9bec, \u00e0 la LPRPDE (PIPEDA) et aux autres lois canadiennes en vigueur.<\/p><p><br><\/p><p>La pr\u00e9sente Politique de confidentialit\u00e9 explique :<\/p><p><span style=\"white-space: normal;\"><span style=\"white-space:pre\">\t<\/span>\u2022<span style=\"white-space:pre\">\t<\/span>quels renseignements personnels nous recueillons ;<\/span><\/p><p><span style=\"white-space: normal;\"><span style=\"white-space:pre\">\t<\/span>\u2022<span style=\"white-space:pre\">\t<\/span>comment ils sont utilis\u00e9s ;<\/span><\/p><p><span style=\"white-space: normal;\"><span style=\"white-space:pre\">\t<\/span>\u2022<span style=\"white-space:pre\">\t<\/span>avec qui ils peuvent \u00eatre partag\u00e9s ;<\/span><\/p><p><span style=\"white-space: normal;\"><span style=\"white-space:pre\">\t<\/span>\u2022<span style=\"white-space:pre\">\t<\/span>vos droits en vertu des lois qu\u00e9b\u00e9coises ;<\/span><\/p><p><span style=\"white-space: normal;\"><span style=\"white-space:pre\">\t<\/span>\u2022<span style=\"white-space:pre\">\t<\/span>comment communiquer avec nous pour toute question.<\/span><\/p><p><br><\/p><p>\u2e3b<\/p><p><br><\/p><p>1. Renseignements que nous recueillons<\/p><p><br><\/p><p>Nous pouvons recueillir des renseignements personnels de diff\u00e9rentes fa\u00e7ons :<\/p><p><br><\/p><p>a) Lors de la prise de rendez-vous (Square)<\/p><p><br><\/p><p>Square peut recueillir :<\/p><p><span style=\"white-space: normal;\"><span style=\"white-space:pre\">\t<\/span>\u2022<span style=\"white-space:pre\">\t<\/span>nom complet<\/span><\/p><p><span style=\"white-space: normal;\"><span style=\"white-space:pre\">\t<\/span>\u2022<span style=\"white-space:pre\">\t<\/span>adresse courriel<\/span><\/p><p><span style=\"white-space: normal;\"><span style=\"white-space:pre\">\t<\/span>\u2022<span style=\"white-space:pre\">\t<\/span>num\u00e9ro de t\u00e9l\u00e9phone<\/span><\/p><p><span style=\"white-space: normal;\"><span style=\"white-space:pre\">\t<\/span>\u2022<span style=\"white-space:pre\">\t<\/span>d\u00e9tails du rendez-vous<\/span><\/p><p><span style=\"white-space: normal;\"><span style=\"white-space:pre\">\t<\/span>\u2022<span style=\"white-space:pre\">\t<\/span>historique des services<\/span><\/p><p><span style=\"white-space: normal;\"><span style=\"white-space:pre\">\t<\/span>\u2022<span style=\"white-space:pre\">\t<\/span>renseignements de transaction<\/span><\/p><p><br><\/p><p>b) Lors de communications avec nous (Messenger, Instagram, courriel, SMS)<\/p><p><br><\/p><p>Nous pouvons recueillir :<\/p><p><span style=\"white-space: normal;\"><span style=\"white-space:pre\">\t<\/span>\u2022<span style=\"white-space:pre\">\t<\/span>nom<\/span><\/p><p><span style=\"white-space: normal;\"><span style=\"white-space:pre\">\t<\/span>\u2022<span style=\"white-space:pre\">\t<\/span>num\u00e9ro de t\u00e9l\u00e9phone<\/span><\/p><p><span style=\"white-space: normal;\"><span style=\"white-space:pre\">\t<\/span>\u2022<span style=\"white-space:pre\">\t<\/span>adresse courriel<\/span><\/p><p><span style=\"white-space: normal;\"><span style=\"white-space:pre\">\t<\/span>\u2022<span style=\"white-space:pre\">\t<\/span>profil de m\u00e9dias sociaux<\/span><\/p><p><span style=\"white-space: normal;\"><span style=\"white-space:pre\">\t<\/span>\u2022<span style=\"white-space:pre\">\t<\/span>contenu de vos messages<\/span><\/p><p><br><\/p><p>c) Navigation sur le site web<\/p><p><br><\/p><p>Gr\u00e2ce aux t\u00e9moins (cookies) et aux outils d\u2019analyse (ex. Google et Meta), nous pouvons recueillir :<\/p><p><span style=\"white-space: normal;\"><span style=\"white-space:pre\">\t<\/span>\u2022<span style=\"white-space:pre\">\t<\/span>adresse IP<\/span><\/p><p><span style=\"white-space: normal;\"><span style=\"white-space:pre\">\t<\/span>\u2022<span style=\"white-space:pre\">\t<\/span>donn\u00e9es de navigation<\/span><\/p><p><span style=\"white-space: normal;\"><span style=\"white-space:pre\">\t<\/span>\u2022<span style=\"white-space:pre\">\t<\/span>type d\u2019appareil et de navigateur<\/span><\/p><p><span style=\"white-space: normal;\"><span style=\"white-space:pre\">\t<\/span>\u2022<span style=\"white-space:pre\">\t<\/span>pages consult\u00e9es<\/span><\/p><p><span style=\"white-space: normal;\"><span style=\"white-space:pre\">\t<\/span>\u2022<span style=\"white-space:pre\">\t<\/span>sources de r\u00e9f\u00e9rence<\/span><\/p><p><br><\/p><p>d) Interactions publicitaires<\/p><p><br><\/p><p>Lorsque vous interagissez avec nos publicit\u00e9s Facebook ou Instagram, Meta peut recueillir et partager :<\/p><p><span style=\"white-space: normal;\"><span style=\"white-space:pre\">\t<\/span>\u2022<span style=\"white-space:pre\">\t<\/span>clics publicitaires<\/span><\/p><p><span style=\"white-space: normal;\"><span style=\"white-space:pre\">\t<\/span>\u2022<span style=\"white-space:pre\">\t<\/span>interactions de messagerie<\/span><\/p><p><span style=\"white-space: normal;\"><span style=\"white-space:pre\">\t<\/span>\u2022<span style=\"white-space:pre\">\t<\/span>signaux d\u2019intention de r\u00e9servation<\/span><\/p><p><span style=\"white-space: normal;\"><span style=\"white-space:pre\">\t<\/span>\u2022<span style=\"white-space:pre\">\t<\/span>\u00e9v\u00e9nements de conversion anonymis\u00e9s<\/span><\/p><p><br><\/p><p>Nous ne recueillons pas vos informations de carte de cr\u00e9dit ; tous les paiements sont trait\u00e9s de fa\u00e7on s\u00e9curis\u00e9e par Square.<\/p><p><br><\/p><p>\u2e3b<\/p><p><br><\/p><p>2. Utilisation de vos renseignements<\/p><p><br><\/p><p>Nous utilisons vos renseignements personnels pour :<\/p><p><span style=\"white-space: normal;\"><span style=\"white-space:pre\">\t<\/span>\u2022<span style=\"white-space:pre\">\t<\/span>g\u00e9rer vos rendez-vous ;<\/span><\/p><p><span style=\"white-space: normal;\"><span style=\"white-space:pre\">\t<\/span>\u2022<span style=\"white-space:pre\">\t<\/span>fournir nos services de coiffure ;<\/span><\/p><p><span style=\"white-space: normal;\"><span style=\"white-space:pre\">\t<\/span>\u2022<span style=\"white-space:pre\">\t<\/span>r\u00e9pondre \u00e0 vos messages ;<\/span><\/p><p><span style=\"white-space: normal;\"><span style=\"white-space:pre\">\t<\/span>\u2022<span style=\"white-space:pre\">\t<\/span>confirmer vos r\u00e9servations ;<\/span><\/p><p><span style=\"white-space: normal;\"><span style=\"white-space:pre\">\t<\/span>\u2022<span style=\"white-space:pre\">\t<\/span>communiquer avec vous au sujet de vos rendez-vous ;<\/span><\/p><p><span style=\"white-space: normal;\"><span style=\"white-space:pre\">\t<\/span>\u2022<span style=\"white-space:pre\">\t<\/span>traiter les paiements via Square ;<\/span><\/p><p><span style=\"white-space: normal;\"><span style=\"white-space:pre\">\t<\/span>\u2022<span style=\"white-space:pre\">\t<\/span>am\u00e9liorer notre site web et notre service ;<\/span><\/p><p><span style=\"white-space: normal;\"><span style=\"white-space:pre\">\t<\/span>\u2022<span style=\"white-space:pre\">\t<\/span>envoyer des rappels ou des mises \u00e0 jour (optionnel) ;<\/span><\/p><p><span style=\"white-space: normal;\"><span style=\"white-space:pre\">\t<\/span>\u2022<span style=\"white-space:pre\">\t<\/span>diffuser des publicit\u00e9s sur Facebook et Instagram ;<\/span><\/p><p><span style=\"white-space: normal;\"><span style=\"white-space:pre\">\t<\/span>\u2022<span style=\"white-space:pre\">\t<\/span>mesurer la performance de nos publicit\u00e9s.<\/span><\/p><p><br><\/p><p>Nous ne vendons jamais vos renseignements personnels.<\/p><p><br><\/p><p>\u2e3b<\/p><p><br><\/p><p>3. Partage de vos renseignements<\/p><p><br><\/p><p>Nous pouvons partager vos renseignements avec :<\/p><p><br><\/p><p>a) Fournisseurs de services<\/p><p><span style=\"white-space: normal;\"><span style=\"white-space:pre\">\t<\/span>\u2022<span style=\"white-space:pre\">\t<\/span>Square (prise de rendez-vous et paiements)<\/span><\/p><p><span style=\"white-space: normal;\"><span style=\"white-space:pre\">\t<\/span>\u2022<span style=\"white-space:pre\">\t<\/span>Meta (Facebook et Instagram) pour la publicit\u00e9 et la messagerie<\/span><\/p><p><span style=\"white-space: normal;\"><span style=\"white-space:pre\">\t<\/span>\u2022<span style=\"white-space:pre\">\t<\/span>notre h\u00e9bergeur web<\/span><\/p><p><br><\/p><p>Ces partenaires traitent vos donn\u00e9es conform\u00e9ment \u00e0 leurs propres politiques de confidentialit\u00e9.<\/p><p><br><\/p><p>b) Exigences l\u00e9gales<\/p><p><br><\/p><p>Nous pouvons divulguer des renseignements si la loi l\u2019exige.<\/p><p><br><\/p><p>\u2e3b<\/p><p><br><\/p><p>4. T\u00e9moins (cookies) et technologies de suivi<\/p><p><br><\/p><p>Notre site utilise :<\/p><p><span style=\"white-space: normal;\"><span style=\"white-space:pre\">\t<\/span>\u2022<span style=\"white-space:pre\">\t<\/span>Google Analytics<\/span><\/p><p><span style=\"white-space: normal;\"><span style=\"white-space:pre\">\t<\/span>\u2022<span style=\"white-space:pre\">\t<\/span>Meta Pixel<\/span><\/p><p><span style=\"white-space: normal;\"><span style=\"white-space:pre\">\t<\/span>\u2022<span style=\"white-space:pre\">\t<\/span>des t\u00e9moins (cookies)<\/span><\/p><p><span style=\"white-space: normal;\"><span style=\"white-space:pre\">\t<\/span>\u2022<span style=\"white-space:pre\">\t<\/span>des outils d\u2019analyse<\/span><\/p><p><br><\/p><p>Ces technologies nous aident \u00e0 comprendre :<\/p><p><span style=\"white-space: normal;\"><span style=\"white-space:pre\">\t<\/span>\u2022<span style=\"white-space:pre\">\t<\/span>comment les visiteurs naviguent sur notre site ;<\/span><\/p><p><span style=\"white-space: normal;\"><span style=\"white-space:pre\">\t<\/span>\u2022<span style=\"white-space:pre\">\t<\/span>quelles publicit\u00e9s g\u00e9n\u00e8rent des r\u00e9servations ;<\/span><\/p><p><span style=\"white-space: normal;\"><span style=\"white-space:pre\">\t<\/span>\u2022<span style=\"white-space:pre\">\t<\/span>comment am\u00e9liorer nos services.<\/span><\/p><p><br><\/p><p>Vous pouvez g\u00e9rer vos pr\u00e9f\u00e9rences de cookies dans les r\u00e9glages de votre navigateur.<\/p><p><br><\/p><p>\u2e3b<\/p><p><br><\/p><p>5. Vos droits (Loi 25 Qu\u00e9bec)<\/p><p><br><\/p><p>Vous avez le droit de :<\/p><p><span style=\"white-space: normal;\"><span style=\"white-space:pre\">\t<\/span>\u2022<span style=\"white-space:pre\">\t<\/span>consulter vos renseignements personnels ;<\/span><\/p><p><span style=\"white-space: normal;\"><span style=\"white-space:pre\">\t<\/span>\u2022<span style=\"white-space:pre\">\t<\/span>demander des corrections ;<\/span><\/p><p><span style=\"white-space: normal;\"><span style=\"white-space:pre\">\t<\/span>\u2022<span style=\"white-space:pre\">\t<\/span>retirer votre consentement ;<\/span><\/p><p><span style=\"white-space: normal;\"><span style=\"white-space:pre\">\t<\/span>\u2022<span style=\"white-space:pre\">\t<\/span>demander la suppression de renseignements (si applicable) ;<\/span><\/p><p><span style=\"white-space: normal;\"><span style=\"white-space:pre\">\t<\/span>\u2022<span style=\"white-space:pre\">\t<\/span>demander des d\u00e9tails sur l\u2019utilisation de vos donn\u00e9es ;<\/span><\/p><p><span style=\"white-space: normal;\"><span style=\"white-space:pre\">\t<\/span>\u2022<span style=\"white-space:pre\">\t<\/span>d\u00e9poser une plainte concernant nos pratiques de confidentialit\u00e9.<\/span><\/p><p><br><\/p><p>Pour exercer vos droits, communiquez avec nous :<\/p><p><br><\/p><p>\ud83d\udce7 Courriel : unitycoiffure@gmail.com<\/p><p><br><\/p><p>\u2e3b<\/p><p><br><\/p><p>6. Conservation des donn\u00e9es<\/p><p><br><\/p><p>Nous conservons vos renseignements seulement pour la dur\u00e9e n\u00e9cessaire afin de :<\/p><p><span style=\"white-space: normal;\"><span style=\"white-space:pre\">\t<\/span>\u2022<span style=\"white-space:pre\">\t<\/span>fournir nos services ;<\/span><\/p><p><span style=\"white-space: normal;\"><span style=\"white-space:pre\">\t<\/span>\u2022<span style=\"white-space:pre\">\t<\/span>garder un historique de vos rendez-vous ;<\/span><\/p><p><span style=\"white-space: normal;\"><span style=\"white-space:pre\">\t<\/span>\u2022<span style=\"white-space:pre\">\t<\/span>respecter nos obligations l\u00e9gales ;<\/span><\/p><p><span style=\"white-space: normal;\"><span style=\"white-space:pre\">\t<\/span>\u2022<span style=\"white-space:pre\">\t<\/span>assurer un bon suivi de nos services.<\/span><\/p><p><br><\/p><p>\u2e3b<\/p><p><br><\/p><p>7. S\u00e9curit\u00e9<\/p><p><br><\/p><p>Nous prenons des mesures raisonnables pour prot\u00e9ger vos renseignements, notamment :<\/p><p><span style=\"white-space: normal;\"><span style=\"white-space:pre\">\t<\/span>\u2022<span style=\"white-space:pre\">\t<\/span>transmission s\u00e9curis\u00e9e via Square ;<\/span><\/p><p><span style=\"white-space: normal;\"><span style=\"white-space:pre\">\t<\/span>\u2022<span style=\"white-space:pre\">\t<\/span>communication chiffr\u00e9e (HTTPS) sur notre site ;<\/span><\/p><p><span style=\"white-space: normal;\"><span style=\"white-space:pre\">\t<\/span>\u2022<span style=\"white-space:pre\">\t<\/span>acc\u00e8s limit\u00e9 aux dossiers clients.<\/span><\/p><p><br><\/p><p>Cependant, aucun syst\u00e8me n\u2019est totalement s\u00e9curitaire.<\/p><p><br><\/p><p>\u2e3b<\/p><p><br><\/p><p>8. Mineurs<\/p><p><br><\/p><p>Nos services s\u2019adressent aux personnes de 14 ans et plus.<\/p><p>Nous ne recueillons pas intentionnellement de renseignements personnels aupr\u00e8s d\u2019enfants sans consentement parental.<\/p><p><br><\/p><p>\u2e3b<\/p><p><br><\/p><p>9. Modifications \u00e0 cette politique<\/p><p><br><\/p><p>Nous pouvons mettre \u00e0 jour cette Politique de confidentialit\u00e9 \u00e0 l\u2019occasion.<\/p><p>Toute modification sera publi\u00e9e sur cette page avec une nouvelle date de mise \u00e0 jour.<\/p><p><br><\/p><p>\u2e3b<\/p><p><br><\/p><p>10. Nous joindre<\/p><p><br><\/p><p>Pour toute question concernant cette Politique de confidentialit\u00e9 ou nos pratiques en mati\u00e8re de protection des renseignements personnels :<\/p><p><br><\/p><p>\ud83d\udce7 Courriel : unitycoiffure@gmail.com<\/p><p>\ud83d\udccd 11 rue Chabanel Ouest, Montreal, QC, H2N 1C2<\/p><p><br><\/p>\t\t\t\t\t\t\t\t<\/div>\n\t\t\t\t<\/div>\n\t\t\t\t\t<\/div>\n\t\t<\/div>\n\t\t\t\t\t<\/div>\n\t\t<\/section>\n\t\t\t\t<\/div>\n\t\t","protected":false},"excerpt":{"rendered":"<p>Politique de confidentialit\u00e9 \u2014 Coiffure Unity Derni\u00e8re mise \u00e0 jour : Dimanche 23 novembre 2025 Coiffure Unity (\u00ab nous \u00bb, \u00ab notre \u00bb, \u00ab nos \u00bb) exploite ce site web et offre des services de coiffure \u00e0 Montr\u00e9al, au Qu\u00e9bec. [&hellip;]<\/p>\n","protected":false},"author":2,"featured_media":0,"parent":0,"menu_order":0,"comment_status":"closed","ping_status":"closed","template":"full-width.php","meta":{"footnotes":""},"class_list":["post-7740","page","type-page","status-publish","hentry"],"aioseo_notices":[],"jetpack_sharing_enabled":true,"_links":{"self":[{"href":"https:\/\/www.coiffureunity.com\/fr\/wp-json\/wp\/v2\/pages\/7740","targetHints":{"allow":["GET"]}}],"collection":[{"href":"https:\/\/www.coiffureunity.com\/fr\/wp-json\/wp\/v2\/pages"}],"about":[{"href":"https:\/\/www.coiffureunity.com\/fr\/wp-json\/wp\/v2\/types\/page"}],"author":[{"embeddable":true,"href":"https:\/\/www.coiffureunity.com\/fr\/wp-json\/wp\/v2\/users\/2"}],"replies":[{"embeddable":true,"href":"https:\/\/www.coiffureunity.com\/fr\/wp-json\/wp\/v2\/comments?post=7740"}],"version-history":[{"count":4,"href":"https:\/\/www.coiffureunity.com\/fr\/wp-json\/wp\/v2\/pages\/7740\/revisions"}],"predecessor-version":[{"id":7745,"href":"https:\/\/www.coiffureunity.com\/fr\/wp-json\/wp\/v2\/pages\/7740\/revisions\/7745"}],"wp:attachment":[{"href":"https:\/\/www.coiffureunity.com\/fr\/wp-json\/wp\/v2\/media?parent=7740"}],"curies":[{"name":"wp","href":"https:\/\/api.w.org\/{rel}","templated":true}]}}